{"id":862,"date":"2024-04-15T07:36:04","date_gmt":"2024-04-15T07:36:04","guid":{"rendered":"https:\/\/happymallorca.com\/?page_id=862"},"modified":"2024-08-06T15:51:03","modified_gmt":"2024-08-06T15:51:03","slug":"where-to-find-us","status":"publish","type":"page","link":"https:\/\/happymallorca.com\/en\/where-to-find-us\/","title":{"rendered":"Where to find us"},"content":{"rendered":"\t\t<div data-elementor-type=\"wp-page\" data-elementor-id=\"862\" class=\"elementor elementor-862\" data-elementor-post-type=\"page\">\n\t\t\t\t<div class=\"elementor-element elementor-element-f65d40a e-flex e-con-boxed e-con e-parent\" data-id=\"f65d40a\" data-element_type=\"container\" data-e-type=\"container\" data-settings=\"{&quot;background_background&quot;:&quot;classic&quot;}\">\n\t\t\t\t\t<div class=\"e-con-inner\">\n\t\t\t\t<div class=\"elementor-element elementor-element-f939bb9 elementor-invisible elementor-widget elementor-widget-heading\" data-id=\"f939bb9\" data-element_type=\"widget\" data-e-type=\"widget\" data-settings=\"{&quot;_animation&quot;:&quot;fadeInDown&quot;}\" data-widget_type=\"heading.default\">\n\t\t\t\t<div class=\"elementor-widget-container\">\n\t\t\t\t\t<h2 class=\"elementor-heading-title elementor-size-default\">Where to find us<\/h2>\t\t\t\t<\/div>\n\t\t\t\t<\/div>\n\t\t\t\t\t<\/div>\n\t\t\t\t<\/div>\n\t\t<div class=\"elementor-element elementor-element-584a267 e-con-full e-flex e-con e-parent\" data-id=\"584a267\" data-element_type=\"container\" data-e-type=\"container\" data-settings=\"{&quot;background_background&quot;:&quot;classic&quot;}\">\n\t\t\t\t<div class=\"elementor-element elementor-element-a983827 elementor-widget__width-inherit elementor-widget elementor-widget-html\" data-id=\"a983827\" data-element_type=\"widget\" data-e-type=\"widget\" data-widget_type=\"html.default\">\n\t\t\t\t<div class=\"elementor-widget-container\">\n\t\t\t\t\t<iframe src=\"https:\/\/www.google.com\/maps\/d\/embed?mid=1gM4HdDDWe8iyd6b7Sk4TVA910QyLXXTB&ehbc=2E312F\" width=\"100%\" height=\"800\"><\/iframe>\t\t\t\t<\/div>\n\t\t\t\t<\/div>\n\t\t\t\t<div class=\"elementor-element elementor-element-c893993 elementor-align-justify elementor-widget__width-initial elementor-widget elementor-widget-button\" data-id=\"c893993\" data-element_type=\"widget\" data-e-type=\"widget\" data-widget_type=\"button.default\">\n\t\t\t\t<div class=\"elementor-widget-container\">\n\t\t\t\t\t\t\t\t\t<div class=\"elementor-button-wrapper\">\n\t\t\t\t\t<a class=\"elementor-button elementor-button-link elementor-size-sm elementor-animation-float\" href=\"https:\/\/booking.avirato.com\/zones\/59552799\" target=\"_blank\">\n\t\t\t\t\t\t<span class=\"elementor-button-content-wrapper\">\n\t\t\t\t\t\t\t\t\t<span class=\"elementor-button-text\">BOOK<\/span>\n\t\t\t\t\t<\/span>\n\t\t\t\t\t<\/a>\n\t\t\t\t<\/div>\n\t\t\t\t\t\t\t\t<\/div>\n\t\t\t\t<\/div>\n\t\t\t\t<div class=\"elementor-element elementor-element-c27216d elementor-align-justify elementor-widget__width-initial elementor-widget elementor-widget-button\" data-id=\"c27216d\" data-element_type=\"widget\" data-e-type=\"widget\" data-widget_type=\"button.default\">\n\t\t\t\t<div class=\"elementor-widget-container\">\n\t\t\t\t\t\t\t\t\t<div class=\"elementor-button-wrapper\">\n\t\t\t\t\t<a class=\"elementor-button elementor-button-link elementor-size-sm elementor-animation-float\" href=\"https:\/\/happymallorca.com\/en\" target=\"_blank\">\n\t\t\t\t\t\t<span class=\"elementor-button-content-wrapper\">\n\t\t\t\t\t\t\t\t\t<span class=\"elementor-button-text\">HOME<\/span>\n\t\t\t\t\t<\/span>\n\t\t\t\t\t<\/a>\n\t\t\t\t<\/div>\n\t\t\t\t\t\t\t\t<\/div>\n\t\t\t\t<\/div>\n\t\t\t\t<\/div>\n\t\t\t\t<\/div>\n\t\t","protected":false},"excerpt":{"rendered":"<p>BOOK HOME<\/p>\n","protected":false},"author":1,"featured_media":0,"parent":0,"menu_order":0,"comment_status":"closed","ping_status":"closed","template":"","meta":{"footnotes":""},"class_list":["post-862","page","type-page","status-publish","hentry"],"yoast_head":"<!-- This site is optimized with the Yoast SEO plugin v27.4 - https:\/\/yoast.com\/product\/yoast-seo-wordpress\/ -->\n<title>Where to find us - Holiday rentals in Mallorca<\/title>\n<meta name=\"description\" content=\"D\u00f3nde nos encontramos. Est\u00e1s en la web oficial de HAPPY MALLORCA, alquileres tur\u00edsticos en MALLORCA. Podemos ofrecerte el mejor\" \/>\n<meta name=\"robots\" content=\"index, follow, max-snippet:-1, max-image-preview:large, max-video-preview:-1\" \/>\n<link rel=\"canonical\" href=\"https:\/\/happymallorca.com\/en\/where-to-find-us\/\" \/>\n<meta property=\"og:locale\" content=\"es_ES\" \/>\n<meta property=\"og:type\" content=\"article\" \/>\n<meta property=\"og:title\" content=\"Where to find us - Holiday rentals in Mallorca\" \/>\n<meta property=\"og:description\" content=\"D\u00f3nde nos encontramos. Est\u00e1s en la web oficial de HAPPY MALLORCA, alquileres tur\u00edsticos en MALLORCA. Podemos ofrecerte el mejor\" \/>\n<meta property=\"og:url\" content=\"https:\/\/happymallorca.com\/en\/where-to-find-us\/\" \/>\n<meta property=\"og:site_name\" content=\"Holiday rentals in Mallorca\" \/>\n<meta property=\"article:modified_time\" content=\"2024-08-06T15:51:03+00:00\" \/>\n<meta name=\"twitter:card\" content=\"summary_large_image\" \/>\n<meta name=\"twitter:label1\" content=\"Tiempo de lectura\" \/>\n\t<meta name=\"twitter:data1\" content=\"1 minuto\" \/>\n<script type=\"application\/ld+json\" class=\"yoast-schema-graph\">{\"@context\":\"https:\\\/\\\/schema.org\",\"@graph\":[{\"@type\":\"WebPage\",\"@id\":\"https:\\\/\\\/happymallorca.com\\\/en\\\/where-to-find-us\\\/\",\"url\":\"https:\\\/\\\/happymallorca.com\\\/en\\\/where-to-find-us\\\/\",\"name\":\"Where to find us - Holiday rentals in Mallorca\",\"isPartOf\":{\"@id\":\"https:\\\/\\\/happymallorca.com\\\/en\\\/#website\"},\"datePublished\":\"2024-04-15T07:36:04+00:00\",\"dateModified\":\"2024-08-06T15:51:03+00:00\",\"description\":\"D\u00f3nde nos encontramos. Est\u00e1s en la web oficial de HAPPY MALLORCA, alquileres tur\u00edsticos en MALLORCA. Podemos ofrecerte el mejor\",\"breadcrumb\":{\"@id\":\"https:\\\/\\\/happymallorca.com\\\/en\\\/where-to-find-us\\\/#breadcrumb\"},\"inLanguage\":\"es\",\"potentialAction\":[{\"@type\":\"ReadAction\",\"target\":[\"https:\\\/\\\/happymallorca.com\\\/en\\\/where-to-find-us\\\/\"]}]},{\"@type\":\"BreadcrumbList\",\"@id\":\"https:\\\/\\\/happymallorca.com\\\/en\\\/where-to-find-us\\\/#breadcrumb\",\"itemListElement\":[{\"@type\":\"ListItem\",\"position\":1,\"name\":\"Portada\",\"item\":\"https:\\\/\\\/happymallorca.com\\\/en\\\/\"},{\"@type\":\"ListItem\",\"position\":2,\"name\":\"Where to find us\"}]},{\"@type\":\"WebSite\",\"@id\":\"https:\\\/\\\/happymallorca.com\\\/en\\\/#website\",\"url\":\"https:\\\/\\\/happymallorca.com\\\/en\\\/\",\"name\":\"Holiday rentals in Mallorca\",\"description\":\"Happy Mallorca Rentals\",\"publisher\":{\"@id\":\"https:\\\/\\\/happymallorca.com\\\/en\\\/#organization\"},\"potentialAction\":[{\"@type\":\"SearchAction\",\"target\":{\"@type\":\"EntryPoint\",\"urlTemplate\":\"https:\\\/\\\/happymallorca.com\\\/en\\\/?s={search_term_string}\"},\"query-input\":{\"@type\":\"PropertyValueSpecification\",\"valueRequired\":true,\"valueName\":\"search_term_string\"}}],\"inLanguage\":\"es\"},{\"@type\":\"Organization\",\"@id\":\"https:\\\/\\\/happymallorca.com\\\/en\\\/#organization\",\"name\":\"Holiday rentals in Mallorca\",\"url\":\"https:\\\/\\\/happymallorca.com\\\/en\\\/\",\"logo\":{\"@type\":\"ImageObject\",\"inLanguage\":\"es\",\"@id\":\"https:\\\/\\\/happymallorca.com\\\/en\\\/#\\\/schema\\\/logo\\\/image\\\/\",\"url\":\"https:\\\/\\\/happymallorca.com\\\/en\\\/wp-content\\\/uploads\\\/sites\\\/2\\\/logo-happyMallorcaRentals.webp\",\"contentUrl\":\"https:\\\/\\\/happymallorca.com\\\/en\\\/wp-content\\\/uploads\\\/sites\\\/2\\\/logo-happyMallorcaRentals.webp\",\"width\":303,\"height\":100,\"caption\":\"Holiday rentals in Mallorca\"},\"image\":{\"@id\":\"https:\\\/\\\/happymallorca.com\\\/en\\\/#\\\/schema\\\/logo\\\/image\\\/\"}}]}<\/script>\n<!-- \/ Yoast SEO plugin. -->","yoast_head_json":{"title":"Where to find us - Holiday rentals in Mallorca","description":"D\u00f3nde nos encontramos. Est\u00e1s en la web oficial de HAPPY MALLORCA, alquileres tur\u00edsticos en MALLORCA. Podemos ofrecerte el mejor","robots":{"index":"index","follow":"follow","max-snippet":"max-snippet:-1","max-image-preview":"max-image-preview:large","max-video-preview":"max-video-preview:-1"},"canonical":"https:\/\/happymallorca.com\/en\/where-to-find-us\/","og_locale":"es_ES","og_type":"article","og_title":"Where to find us - Holiday rentals in Mallorca","og_description":"D\u00f3nde nos encontramos. Est\u00e1s en la web oficial de HAPPY MALLORCA, alquileres tur\u00edsticos en MALLORCA. Podemos ofrecerte el mejor","og_url":"https:\/\/happymallorca.com\/en\/where-to-find-us\/","og_site_name":"Holiday rentals in Mallorca","article_modified_time":"2024-08-06T15:51:03+00:00","twitter_card":"summary_large_image","twitter_misc":{"Tiempo de lectura":"1 minuto"},"schema":{"@context":"https:\/\/schema.org","@graph":[{"@type":"WebPage","@id":"https:\/\/happymallorca.com\/en\/where-to-find-us\/","url":"https:\/\/happymallorca.com\/en\/where-to-find-us\/","name":"Where to find us - Holiday rentals in Mallorca","isPartOf":{"@id":"https:\/\/happymallorca.com\/en\/#website"},"datePublished":"2024-04-15T07:36:04+00:00","dateModified":"2024-08-06T15:51:03+00:00","description":"D\u00f3nde nos encontramos. Est\u00e1s en la web oficial de HAPPY MALLORCA, alquileres tur\u00edsticos en MALLORCA. Podemos ofrecerte el mejor","breadcrumb":{"@id":"https:\/\/happymallorca.com\/en\/where-to-find-us\/#breadcrumb"},"inLanguage":"es","potentialAction":[{"@type":"ReadAction","target":["https:\/\/happymallorca.com\/en\/where-to-find-us\/"]}]},{"@type":"BreadcrumbList","@id":"https:\/\/happymallorca.com\/en\/where-to-find-us\/#breadcrumb","itemListElement":[{"@type":"ListItem","position":1,"name":"Portada","item":"https:\/\/happymallorca.com\/en\/"},{"@type":"ListItem","position":2,"name":"Where to find us"}]},{"@type":"WebSite","@id":"https:\/\/happymallorca.com\/en\/#website","url":"https:\/\/happymallorca.com\/en\/","name":"Holiday rentals in Mallorca","description":"Happy Mallorca Rentals","publisher":{"@id":"https:\/\/happymallorca.com\/en\/#organization"},"potentialAction":[{"@type":"SearchAction","target":{"@type":"EntryPoint","urlTemplate":"https:\/\/happymallorca.com\/en\/?s={search_term_string}"},"query-input":{"@type":"PropertyValueSpecification","valueRequired":true,"valueName":"search_term_string"}}],"inLanguage":"es"},{"@type":"Organization","@id":"https:\/\/happymallorca.com\/en\/#organization","name":"Holiday rentals in Mallorca","url":"https:\/\/happymallorca.com\/en\/","logo":{"@type":"ImageObject","inLanguage":"es","@id":"https:\/\/happymallorca.com\/en\/#\/schema\/logo\/image\/","url":"https:\/\/happymallorca.com\/en\/wp-content\/uploads\/sites\/2\/logo-happyMallorcaRentals.webp","contentUrl":"https:\/\/happymallorca.com\/en\/wp-content\/uploads\/sites\/2\/logo-happyMallorcaRentals.webp","width":303,"height":100,"caption":"Holiday rentals in Mallorca"},"image":{"@id":"https:\/\/happymallorca.com\/en\/#\/schema\/logo\/image\/"}}]}},"_links":{"self":[{"href":"https:\/\/happymallorca.com\/en\/wp-json\/wp\/v2\/pages\/862","targetHints":{"allow":["GET"]}}],"collection":[{"href":"https:\/\/happymallorca.com\/en\/wp-json\/wp\/v2\/pages"}],"about":[{"href":"https:\/\/happymallorca.com\/en\/wp-json\/wp\/v2\/types\/page"}],"author":[{"embeddable":true,"href":"https:\/\/happymallorca.com\/en\/wp-json\/wp\/v2\/users\/1"}],"replies":[{"embeddable":true,"href":"https:\/\/happymallorca.com\/en\/wp-json\/wp\/v2\/comments?post=862"}],"version-history":[{"count":4,"href":"https:\/\/happymallorca.com\/en\/wp-json\/wp\/v2\/pages\/862\/revisions"}],"predecessor-version":[{"id":3320,"href":"https:\/\/happymallorca.com\/en\/wp-json\/wp\/v2\/pages\/862\/revisions\/3320"}],"wp:attachment":[{"href":"https:\/\/happymallorca.com\/en\/wp-json\/wp\/v2\/media?parent=862"}],"curies":[{"name":"wp","href":"https:\/\/api.w.org\/{rel}","templated":true}]}}