{"id":1492,"date":"2024-05-29T11:01:07","date_gmt":"2024-05-29T11:01:07","guid":{"rendered":"https:\/\/happymallorca.com\/?page_id=1492"},"modified":"2024-08-06T12:00:50","modified_gmt":"2024-08-06T12:00:50","slug":"blog-happy-mallorca","status":"publish","type":"page","link":"https:\/\/happymallorca.com\/de\/blog-happy-mallorca\/","title":{"rendered":"Blog Happy Mallorca"},"content":{"rendered":"\t\t<div data-elementor-type=\"wp-page\" data-elementor-id=\"1492\" class=\"elementor elementor-1492\" data-elementor-post-type=\"page\">\n\t\t\t\t<div class=\"elementor-element elementor-element-faa4701 e-flex e-con-boxed e-con e-parent\" data-id=\"faa4701\" data-element_type=\"container\" data-e-type=\"container\" data-settings=\"{&quot;background_background&quot;:&quot;classic&quot;}\">\n\t\t\t\t\t<div class=\"e-con-inner\">\n\t\t\t\t<div class=\"elementor-element elementor-element-ea5a457 elementor-invisible elementor-widget elementor-widget-heading\" data-id=\"ea5a457\" data-element_type=\"widget\" data-e-type=\"widget\" data-settings=\"{&quot;_animation&quot;:&quot;fadeInLeft&quot;}\" data-widget_type=\"heading.default\">\n\t\t\t\t<div class=\"elementor-widget-container\">\n\t\t\t\t\t<h1 class=\"elementor-heading-title elementor-size-default\">Blog Happy Mallorca<\/h1>\t\t\t\t<\/div>\n\t\t\t\t<\/div>\n\t\t\t\t<div class=\"elementor-element elementor-element-d60b330 elementor-invisible elementor-widget elementor-widget-heading\" data-id=\"d60b330\" data-element_type=\"widget\" data-e-type=\"widget\" data-settings=\"{&quot;_animation&quot;:&quot;fadeInLeft&quot;}\" data-widget_type=\"heading.default\">\n\t\t\t\t<div class=\"elementor-widget-container\">\n\t\t\t\t\t<h2 class=\"elementor-heading-title elementor-size-default\"> Geschichte, Kultur und Abenteuer<\/h2>\t\t\t\t<\/div>\n\t\t\t\t<\/div>\n\t\t\t\t\t<\/div>\n\t\t\t\t<\/div>\n\t\t<div class=\"elementor-element elementor-element-69c94b6 e-flex e-con-boxed elementor-invisible e-con e-parent\" data-id=\"69c94b6\" data-element_type=\"container\" data-e-type=\"container\" data-settings=\"{&quot;animation&quot;:&quot;fadeInUp&quot;}\">\n\t\t\t\t\t<div class=\"e-con-inner\">\n\t\t\t\t<div class=\"elementor-element elementor-element-74d0c7b elementor-widget elementor-widget-text-editor\" data-id=\"74d0c7b\" data-element_type=\"widget\" data-e-type=\"widget\" data-widget_type=\"text-editor.default\">\n\t\t\t\t<div class=\"elementor-widget-container\">\n\t\t\t\t\t\t\t\t\t<p>\u00abEntdecken Sie mit uns den Charme dieser wundersch\u00f6nen Baleareninsel, von ihren Str\u00e4nden mit kristallklarem Wasser bis hin zu ihrer k\u00f6stlichen mediterranen Gastronomie\u00bb.<\/p>\t\t\t\t\t\t\t\t<\/div>\n\t\t\t\t<\/div>\n\t\t\t\t<div class=\"elementor-element elementor-element-dcf397d elementor-align-justify elementor-widget__width-initial elementor-widget elementor-widget-button\" data-id=\"dcf397d\" data-element_type=\"widget\" data-e-type=\"widget\" data-widget_type=\"button.default\">\n\t\t\t\t<div class=\"elementor-widget-container\">\n\t\t\t\t\t\t\t\t\t<div class=\"elementor-button-wrapper\">\n\t\t\t\t\t<a class=\"elementor-button elementor-button-link elementor-size-sm elementor-animation-float\" href=\"https:\/\/booking.avirato.com\/zones\/59552799\" target=\"_blank\">\n\t\t\t\t\t\t<span class=\"elementor-button-content-wrapper\">\n\t\t\t\t\t\t\t\t\t<span class=\"elementor-button-text\">HEUTE BUCHEN<\/span>\n\t\t\t\t\t<\/span>\n\t\t\t\t\t<\/a>\n\t\t\t\t<\/div>\n\t\t\t\t\t\t\t\t<\/div>\n\t\t\t\t<\/div>\n\t\t\t\t\t<\/div>\n\t\t\t\t<\/div>\n\t\t<div class=\"elementor-element elementor-element-e412ed8 e-flex e-con-boxed e-con e-parent\" data-id=\"e412ed8\" data-element_type=\"container\" data-e-type=\"container\">\n\t\t\t\t\t<div class=\"e-con-inner\">\n\t\t\t\t<div class=\"elementor-element elementor-element-dc8f765 elementor-widget__width-initial elementor-grid-3 elementor-grid-tablet-2 elementor-grid-mobile-1 elementor-posts--thumbnail-top elementor-card-shadow-yes elementor-posts__hover-gradient elementor-widget elementor-widget-posts\" data-id=\"dc8f765\" data-element_type=\"widget\" data-e-type=\"widget\" data-settings=\"{&quot;pagination_type&quot;:&quot;numbers&quot;,&quot;cards_columns&quot;:&quot;3&quot;,&quot;cards_columns_tablet&quot;:&quot;2&quot;,&quot;cards_columns_mobile&quot;:&quot;1&quot;,&quot;cards_row_gap&quot;:{&quot;unit&quot;:&quot;px&quot;,&quot;size&quot;:35,&quot;sizes&quot;:[]},&quot;cards_row_gap_tablet&quot;:{&quot;unit&quot;:&quot;px&quot;,&quot;size&quot;:&quot;&quot;,&quot;sizes&quot;:[]},&quot;cards_row_gap_mobile&quot;:{&quot;unit&quot;:&quot;px&quot;,&quot;size&quot;:&quot;&quot;,&quot;sizes&quot;:[]}}\" data-widget_type=\"posts.cards\">\n\t\t\t\t<div class=\"elementor-widget-container\">\n\t\t\t\t\t\t\t<div class=\"elementor-posts-container elementor-posts elementor-posts--skin-cards elementor-grid\" role=\"list\">\n\t\t\t\t<article class=\"elementor-post elementor-grid-item post-1394 post type-post status-publish format-standard has-post-thumbnail hentry category-blog\" role=\"listitem\">\n\t\t\t<div class=\"elementor-post__card\">\n\t\t\t\t<a class=\"elementor-post__thumbnail__link\" href=\"https:\/\/happymallorca.com\/de\/blog\/2024\/04\/16\/la-arquitectura-arabe-de-mallorca\/\" tabindex=\"-1\" ><div class=\"elementor-post__thumbnail\"><img fetchpriority=\"high\" decoding=\"async\" width=\"740\" height=\"925\" src=\"https:\/\/happymallorca.com\/de\/wp-content\/uploads\/sites\/3\/arquitectura-arabe-mallorquina.webp\" class=\"attachment-medium_large size-medium_large wp-image-1418\" alt=\"\" srcset=\"https:\/\/happymallorca.com\/de\/wp-content\/uploads\/sites\/3\/arquitectura-arabe-mallorquina.webp 740w, https:\/\/happymallorca.com\/de\/wp-content\/uploads\/sites\/3\/arquitectura-arabe-mallorquina-240x300.webp 240w\" sizes=\"(max-width: 740px) 100vw, 740px\" \/><\/div><\/a>\n\t\t\t\t<div class=\"elementor-post__text\">\n\t\t\t\t<h3 class=\"elementor-post__title\">\n\t\t\t<a href=\"https:\/\/happymallorca.com\/de\/blog\/2024\/04\/16\/la-arquitectura-arabe-de-mallorca\/\" >\n\t\t\t\tDie arabische Architektur auf Mallorca\t\t\t<\/a>\n\t\t<\/h3>\n\t\t\t\t<div class=\"elementor-post__excerpt\">\n\t\t\t<p>Begib dich auf eine Reise durch den Charme der arabischen Architektur Mallorcas. Diese Perle des Mittelmeers ist nicht nur bekannt f\u00fcr ihre beeindruckenden Landschaften und Traumstr\u00e4nde, sondern auch f\u00fcr ihre faszinierende Geschichte, die sich in<\/p>\n\t\t<\/div>\n\t\t\n\t\t<a class=\"elementor-post__read-more\" href=\"https:\/\/happymallorca.com\/de\/blog\/2024\/04\/16\/la-arquitectura-arabe-de-mallorca\/\" aria-label=\"M\u00e1s informaci\u00f3n sobre Die arabische Architektur auf Mallorca\" tabindex=\"-1\" >\n\t\t\tLeer m\u00e1s \u00bb\t\t<\/a>\n\n\t\t\t\t<\/div>\n\t\t\t\t\t<\/div>\n\t\t<\/article>\n\t\t\t\t<article class=\"elementor-post elementor-grid-item post-1392 post type-post status-publish format-standard has-post-thumbnail hentry category-blog\" role=\"listitem\">\n\t\t\t<div class=\"elementor-post__card\">\n\t\t\t\t<a class=\"elementor-post__thumbnail__link\" href=\"https:\/\/happymallorca.com\/de\/blog\/2024\/04\/16\/la-belleza-de-la-ceramica-mallorquina\/\" tabindex=\"-1\" ><div class=\"elementor-post__thumbnail\"><img decoding=\"async\" width=\"740\" height=\"740\" src=\"https:\/\/happymallorca.com\/de\/wp-content\/uploads\/sites\/3\/una-guia-de-la-ceramica-mallorquina.webp\" class=\"attachment-medium_large size-medium_large wp-image-1419\" alt=\"\" srcset=\"https:\/\/happymallorca.com\/de\/wp-content\/uploads\/sites\/3\/una-guia-de-la-ceramica-mallorquina.webp 740w, https:\/\/happymallorca.com\/de\/wp-content\/uploads\/sites\/3\/una-guia-de-la-ceramica-mallorquina-300x300.webp 300w, https:\/\/happymallorca.com\/de\/wp-content\/uploads\/sites\/3\/una-guia-de-la-ceramica-mallorquina-150x150.webp 150w\" sizes=\"(max-width: 740px) 100vw, 740px\" \/><\/div><\/a>\n\t\t\t\t<div class=\"elementor-post__text\">\n\t\t\t\t<h3 class=\"elementor-post__title\">\n\t\t\t<a href=\"https:\/\/happymallorca.com\/de\/blog\/2024\/04\/16\/la-belleza-de-la-ceramica-mallorquina\/\" >\n\t\t\t\tDie Sch\u00f6nheit der mallorquinischen Keramiken\t\t\t<\/a>\n\t\t<\/h3>\n\t\t\t\t<div class=\"elementor-post__excerpt\">\n\t\t\t<p>Die Mallorquinische Keramik ist weit mehr als nur eine Kunst; sie ist ein Fenster in die reiche Geschichte und Kultur dieser charmanten Mittelmeerinsel. Mit einer tief verwurzelten Tradition, die Jahrhunderte zur\u00fcckreicht, hat die Mallorquinische Keramik<\/p>\n\t\t<\/div>\n\t\t\n\t\t<a class=\"elementor-post__read-more\" href=\"https:\/\/happymallorca.com\/de\/blog\/2024\/04\/16\/la-belleza-de-la-ceramica-mallorquina\/\" aria-label=\"M\u00e1s informaci\u00f3n sobre Die Sch\u00f6nheit der mallorquinischen Keramiken\" tabindex=\"-1\" >\n\t\t\tLeer m\u00e1s \u00bb\t\t<\/a>\n\n\t\t\t\t<\/div>\n\t\t\t\t\t<\/div>\n\t\t<\/article>\n\t\t\t\t<article class=\"elementor-post elementor-grid-item post-1390 post type-post status-publish format-standard has-post-thumbnail hentry category-blog\" role=\"listitem\">\n\t\t\t<div class=\"elementor-post__card\">\n\t\t\t\t<a class=\"elementor-post__thumbnail__link\" href=\"https:\/\/happymallorca.com\/de\/blog\/2024\/04\/16\/guia-de-turismo-astronomico-en-mallorca\/\" tabindex=\"-1\" ><div class=\"elementor-post__thumbnail\"><img decoding=\"async\" width=\"740\" height=\"493\" src=\"https:\/\/happymallorca.com\/de\/wp-content\/uploads\/sites\/3\/hermoso-paisaje-montana-cielo-estrellado-happy-mallorca.webp\" class=\"attachment-medium_large size-medium_large wp-image-1396\" alt=\"\" srcset=\"https:\/\/happymallorca.com\/de\/wp-content\/uploads\/sites\/3\/hermoso-paisaje-montana-cielo-estrellado-happy-mallorca.webp 740w, https:\/\/happymallorca.com\/de\/wp-content\/uploads\/sites\/3\/hermoso-paisaje-montana-cielo-estrellado-happy-mallorca-300x200.webp 300w\" sizes=\"(max-width: 740px) 100vw, 740px\" \/><\/div><\/a>\n\t\t\t\t<div class=\"elementor-post__text\">\n\t\t\t\t<h3 class=\"elementor-post__title\">\n\t\t\t<a href=\"https:\/\/happymallorca.com\/de\/blog\/2024\/04\/16\/guia-de-turismo-astronomico-en-mallorca\/\" >\n\t\t\t\tLeitfaden f\u00fcr den Astronomietourismus auf Mallorca\t\t\t<\/a>\n\t\t<\/h3>\n\t\t\t\t<div class=\"elementor-post__excerpt\">\n\t\t\t<p>Willkommen zu unserem Leitfaden f\u00fcr Astronomietourismus auf Mallorca, wo wir das Erlebnis der Sternenbeobachtung von der sch\u00f6nen Mittelmeerinsel Mallorca aus erkunden. Du wirst entdecken, warum Mallorca ein ideales Ziel f\u00fcr Astronomie-Enthusiasten ist, sowie die besten<\/p>\n\t\t<\/div>\n\t\t\n\t\t<a class=\"elementor-post__read-more\" href=\"https:\/\/happymallorca.com\/de\/blog\/2024\/04\/16\/guia-de-turismo-astronomico-en-mallorca\/\" aria-label=\"M\u00e1s informaci\u00f3n sobre Leitfaden f\u00fcr den Astronomietourismus auf Mallorca\" tabindex=\"-1\" >\n\t\t\tLeer m\u00e1s \u00bb\t\t<\/a>\n\n\t\t\t\t<\/div>\n\t\t\t\t\t<\/div>\n\t\t<\/article>\n\t\t\t\t<article class=\"elementor-post elementor-grid-item post-1388 post type-post status-publish format-standard has-post-thumbnail hentry category-blog\" role=\"listitem\">\n\t\t\t<div class=\"elementor-post__card\">\n\t\t\t\t<a class=\"elementor-post__thumbnail__link\" href=\"https:\/\/happymallorca.com\/de\/blog\/2024\/04\/16\/explora-el-paraiso-oculto-las-reservas-naturales-secretas-de-mallorca\/\" tabindex=\"-1\" ><div class=\"elementor-post__thumbnail\"><img loading=\"lazy\" decoding=\"async\" width=\"527\" height=\"257\" src=\"https:\/\/happymallorca.com\/de\/wp-content\/uploads\/sites\/3\/descubre-el-paraiso-oculto-reservas-naturales-secretas-de-Mallorca.webp\" class=\"attachment-medium_large size-medium_large wp-image-1397\" alt=\"\" srcset=\"https:\/\/happymallorca.com\/de\/wp-content\/uploads\/sites\/3\/descubre-el-paraiso-oculto-reservas-naturales-secretas-de-Mallorca.webp 527w, https:\/\/happymallorca.com\/de\/wp-content\/uploads\/sites\/3\/descubre-el-paraiso-oculto-reservas-naturales-secretas-de-Mallorca-300x146.webp 300w\" sizes=\"(max-width: 527px) 100vw, 527px\" \/><\/div><\/a>\n\t\t\t\t<div class=\"elementor-post__text\">\n\t\t\t\t<h3 class=\"elementor-post__title\">\n\t\t\t<a href=\"https:\/\/happymallorca.com\/de\/blog\/2024\/04\/16\/explora-el-paraiso-oculto-las-reservas-naturales-secretas-de-mallorca\/\" >\n\t\t\t\tEntdecken Sie das versteckte Paradies: Mallorcas geheime Naturschutzgebiete\t\t\t<\/a>\n\t\t<\/h3>\n\t\t\t\t<div class=\"elementor-post__excerpt\">\n\t\t\t<p>Entdecke die am besten geh\u00fcteten Natursch\u00e4tze von Mallorca mit unserem Leitfaden zu den weniger bekannten Naturschutzgebieten der Insel. In diesem Artikel nehmen wir dich mit auf eine Reise durch die geheimsten und faszinierendsten Ecken Mallorcas,<\/p>\n\t\t<\/div>\n\t\t\n\t\t<a class=\"elementor-post__read-more\" href=\"https:\/\/happymallorca.com\/de\/blog\/2024\/04\/16\/explora-el-paraiso-oculto-las-reservas-naturales-secretas-de-mallorca\/\" aria-label=\"M\u00e1s informaci\u00f3n sobre Entdecken Sie das versteckte Paradies: Mallorcas geheime Naturschutzgebiete\" tabindex=\"-1\" >\n\t\t\tLeer m\u00e1s \u00bb\t\t<\/a>\n\n\t\t\t\t<\/div>\n\t\t\t\t\t<\/div>\n\t\t<\/article>\n\t\t\t\t<article class=\"elementor-post elementor-grid-item post-1385 post type-post status-publish format-standard has-post-thumbnail hentry category-blog\" role=\"listitem\">\n\t\t\t<div class=\"elementor-post__card\">\n\t\t\t\t<a class=\"elementor-post__thumbnail__link\" href=\"https:\/\/happymallorca.com\/de\/blog\/2024\/04\/16\/guia-para-unas-vacaciones-de-invierno-en-mallorca-2\/\" tabindex=\"-1\" ><div class=\"elementor-post__thumbnail\"><img loading=\"lazy\" decoding=\"async\" width=\"740\" height=\"493\" src=\"https:\/\/happymallorca.com\/de\/wp-content\/uploads\/sites\/3\/Las-ventajas-del-alquiler-vacacional-en-Mallorca.webp\" class=\"attachment-medium_large size-medium_large wp-image-1398\" alt=\"\" srcset=\"https:\/\/happymallorca.com\/de\/wp-content\/uploads\/sites\/3\/Las-ventajas-del-alquiler-vacacional-en-Mallorca.webp 740w, https:\/\/happymallorca.com\/de\/wp-content\/uploads\/sites\/3\/Las-ventajas-del-alquiler-vacacional-en-Mallorca-300x200.webp 300w\" sizes=\"(max-width: 740px) 100vw, 740px\" \/><\/div><\/a>\n\t\t\t\t<div class=\"elementor-post__text\">\n\t\t\t\t<h3 class=\"elementor-post__title\">\n\t\t\t<a href=\"https:\/\/happymallorca.com\/de\/blog\/2024\/04\/16\/guia-para-unas-vacaciones-de-invierno-en-mallorca-2\/\" >\n\t\t\t\tDie Vorteile der Ferienvermietung auf Mallorca\t\t\t<\/a>\n\t\t<\/h3>\n\t\t\t\t<div class=\"elementor-post__excerpt\">\n\t\t\t<p>Auf der Insel Mallorca ist die Ferienvermietung eine unverzichtbare Option f\u00fcr alle, die ein authentisches und komfortables Erlebnis w\u00e4hrend ihres Urlaubs suchen. Mit ihren kristallklaren Str\u00e4nden, malerischen Landschaften und einem reichen kulturellen Angebot zieht Mallorca<\/p>\n\t\t<\/div>\n\t\t\n\t\t<a class=\"elementor-post__read-more\" href=\"https:\/\/happymallorca.com\/de\/blog\/2024\/04\/16\/guia-para-unas-vacaciones-de-invierno-en-mallorca-2\/\" aria-label=\"M\u00e1s informaci\u00f3n sobre Die Vorteile der Ferienvermietung auf Mallorca\" tabindex=\"-1\" >\n\t\t\tLeer m\u00e1s \u00bb\t\t<\/a>\n\n\t\t\t\t<\/div>\n\t\t\t\t\t<\/div>\n\t\t<\/article>\n\t\t\t\t<article class=\"elementor-post elementor-grid-item post-1383 post type-post status-publish format-standard has-post-thumbnail hentry category-blog\" role=\"listitem\">\n\t\t\t<div class=\"elementor-post__card\">\n\t\t\t\t<a class=\"elementor-post__thumbnail__link\" href=\"https:\/\/happymallorca.com\/de\/blog\/2024\/04\/16\/guia-para-unas-vacaciones-de-invierno-en-mallorca\/\" tabindex=\"-1\" ><div class=\"elementor-post__thumbnail\"><img loading=\"lazy\" decoding=\"async\" width=\"700\" height=\"394\" src=\"https:\/\/happymallorca.com\/de\/wp-content\/uploads\/sites\/3\/Guia-para-unas-vacaciones-de-invierno-en-Mallorca.webp\" class=\"attachment-medium_large size-medium_large wp-image-1399\" alt=\"\" srcset=\"https:\/\/happymallorca.com\/de\/wp-content\/uploads\/sites\/3\/Guia-para-unas-vacaciones-de-invierno-en-Mallorca.webp 700w, https:\/\/happymallorca.com\/de\/wp-content\/uploads\/sites\/3\/Guia-para-unas-vacaciones-de-invierno-en-Mallorca-300x169.webp 300w\" sizes=\"(max-width: 700px) 100vw, 700px\" \/><\/div><\/a>\n\t\t\t\t<div class=\"elementor-post__text\">\n\t\t\t\t<h3 class=\"elementor-post__title\">\n\t\t\t<a href=\"https:\/\/happymallorca.com\/de\/blog\/2024\/04\/16\/guia-para-unas-vacaciones-de-invierno-en-mallorca\/\" >\n\t\t\t\tLeitfaden f\u00fcr einen Winterurlaub auf Mallorca\t\t\t<\/a>\n\t\t<\/h3>\n\t\t\t\t<div class=\"elementor-post__excerpt\">\n\t\t\t<p>Wir pr\u00e4sentieren dir unseren ultimativen Leitfaden f\u00fcr einen Winterurlaub auf Mallorca, um deinen Urlaub wie ein wahrer Tourismus-Experte zu genie\u00dfen. Wir erkunden die Reize, die die Baleareninsel in der ruhigsten Jahreszeit bietet. Entdecke, wie das<\/p>\n\t\t<\/div>\n\t\t\n\t\t<a class=\"elementor-post__read-more\" href=\"https:\/\/happymallorca.com\/de\/blog\/2024\/04\/16\/guia-para-unas-vacaciones-de-invierno-en-mallorca\/\" aria-label=\"M\u00e1s informaci\u00f3n sobre Leitfaden f\u00fcr einen Winterurlaub auf Mallorca\" tabindex=\"-1\" >\n\t\t\tLeer m\u00e1s \u00bb\t\t<\/a>\n\n\t\t\t\t<\/div>\n\t\t\t\t\t<\/div>\n\t\t<\/article>\n\t\t\t\t<\/div>\n\t\t\n\t\t\t\t<div class=\"e-load-more-anchor\" data-page=\"1\" data-max-page=\"6\" data-next-page=\"https:\/\/happymallorca.com\/de\/wp-json\/wp\/v2\/pages\/1492\/page\/2\/\"><\/div>\n\t\t\t\t<nav class=\"elementor-pagination\" aria-label=\"Paginaci\u00f3n\">\n\t\t\t<span aria-current=\"page\" class=\"page-numbers current\"><span class=\"elementor-screen-only\">P\u00e1gina<\/span>1<\/span>\n<a class=\"page-numbers\" href=\"https:\/\/happymallorca.com\/de\/wp-json\/wp\/v2\/pages\/1492\/page\/2\/\"><span class=\"elementor-screen-only\">P\u00e1gina<\/span>2<\/a>\n<a class=\"page-numbers\" href=\"https:\/\/happymallorca.com\/de\/wp-json\/wp\/v2\/pages\/1492\/page\/3\/\"><span class=\"elementor-screen-only\">P\u00e1gina<\/span>3<\/a>\n<a class=\"page-numbers\" href=\"https:\/\/happymallorca.com\/de\/wp-json\/wp\/v2\/pages\/1492\/page\/4\/\"><span class=\"elementor-screen-only\">P\u00e1gina<\/span>4<\/a>\n<a class=\"page-numbers\" href=\"https:\/\/happymallorca.com\/de\/wp-json\/wp\/v2\/pages\/1492\/page\/5\/\"><span class=\"elementor-screen-only\">P\u00e1gina<\/span>5<\/a>\t\t<\/nav>\n\t\t\t\t\t\t<\/div>\n\t\t\t\t<\/div>\n\t\t\t\t\t<\/div>\n\t\t\t\t<\/div>\n\t\t\t\t<\/div>\n\t\t","protected":false},"excerpt":{"rendered":"<p>Geschichte, Kultur und Abenteuer \u00abEntdecken Sie mit uns den Charme dieser wundersch\u00f6nen Baleareninsel, von ihren Str\u00e4nden mit kristallklarem Wasser bis hin zu ihrer k\u00f6stlichen mediterranen Gastronomie\u00bb. HEUTE BUCHEN<\/p>\n","protected":false},"author":1,"featured_media":0,"parent":0,"menu_order":0,"comment_status":"closed","ping_status":"closed","template":"","meta":{"footnotes":""},"class_list":["post-1492","page","type-page","status-publish","hentry"],"yoast_head":"<!-- This site is optimized with the Yoast SEO plugin v27.4 - https:\/\/yoast.com\/product\/yoast-seo-wordpress\/ -->\n<title>Blog Happy Mallorca - Ferienunterk\u00fcnfte in Mallorca<\/title>\n<meta name=\"description\" content=\"Happy Mallorca Blog. Geschichte, Kultur und Erlebnisse. Entdecken Sie mit uns die Reize dieser wunderbaren Baleareninsel,\" \/>\n<meta name=\"robots\" content=\"index, follow, max-snippet:-1, max-image-preview:large, max-video-preview:-1\" \/>\n<link rel=\"canonical\" href=\"https:\/\/happymallorca.com\/de\/blog-happy-mallorca\/\" \/>\n<meta property=\"og:locale\" content=\"es_ES\" \/>\n<meta property=\"og:type\" content=\"article\" \/>\n<meta property=\"og:title\" content=\"Blog Happy Mallorca - Ferienunterk\u00fcnfte in Mallorca\" \/>\n<meta property=\"og:description\" content=\"Happy Mallorca Blog. Geschichte, Kultur und Erlebnisse. Entdecken Sie mit uns die Reize dieser wunderbaren Baleareninsel,\" \/>\n<meta property=\"og:url\" content=\"https:\/\/happymallorca.com\/de\/blog-happy-mallorca\/\" \/>\n<meta property=\"og:site_name\" content=\"Ferienunterk\u00fcnfte in Mallorca\" \/>\n<meta property=\"article:modified_time\" content=\"2024-08-06T12:00:50+00:00\" \/>\n<meta name=\"twitter:card\" content=\"summary_large_image\" \/>\n<meta name=\"twitter:label1\" content=\"Tiempo de lectura\" \/>\n\t<meta name=\"twitter:data1\" content=\"1 minuto\" \/>\n<script type=\"application\/ld+json\" class=\"yoast-schema-graph\">{\"@context\":\"https:\\\/\\\/schema.org\",\"@graph\":[{\"@type\":\"WebPage\",\"@id\":\"https:\\\/\\\/happymallorca.com\\\/de\\\/blog-happy-mallorca\\\/\",\"url\":\"https:\\\/\\\/happymallorca.com\\\/de\\\/blog-happy-mallorca\\\/\",\"name\":\"Blog Happy Mallorca - Ferienunterk\u00fcnfte in Mallorca\",\"isPartOf\":{\"@id\":\"https:\\\/\\\/happymallorca.com\\\/de\\\/#website\"},\"datePublished\":\"2024-05-29T11:01:07+00:00\",\"dateModified\":\"2024-08-06T12:00:50+00:00\",\"description\":\"Happy Mallorca Blog. Geschichte, Kultur und Erlebnisse. Entdecken Sie mit uns die Reize dieser wunderbaren Baleareninsel,\",\"breadcrumb\":{\"@id\":\"https:\\\/\\\/happymallorca.com\\\/de\\\/blog-happy-mallorca\\\/#breadcrumb\"},\"inLanguage\":\"es\",\"potentialAction\":[{\"@type\":\"ReadAction\",\"target\":[\"https:\\\/\\\/happymallorca.com\\\/de\\\/blog-happy-mallorca\\\/\"]}]},{\"@type\":\"BreadcrumbList\",\"@id\":\"https:\\\/\\\/happymallorca.com\\\/de\\\/blog-happy-mallorca\\\/#breadcrumb\",\"itemListElement\":[{\"@type\":\"ListItem\",\"position\":1,\"name\":\"Portada\",\"item\":\"https:\\\/\\\/happymallorca.com\\\/de\\\/\"},{\"@type\":\"ListItem\",\"position\":2,\"name\":\"Blog Happy Mallorca\"}]},{\"@type\":\"WebSite\",\"@id\":\"https:\\\/\\\/happymallorca.com\\\/de\\\/#website\",\"url\":\"https:\\\/\\\/happymallorca.com\\\/de\\\/\",\"name\":\"Ferienunterk\u00fcnfte in Mallorca\",\"description\":\"Happy Mallorca Rentals\",\"publisher\":{\"@id\":\"https:\\\/\\\/happymallorca.com\\\/de\\\/#organization\"},\"potentialAction\":[{\"@type\":\"SearchAction\",\"target\":{\"@type\":\"EntryPoint\",\"urlTemplate\":\"https:\\\/\\\/happymallorca.com\\\/de\\\/?s={search_term_string}\"},\"query-input\":{\"@type\":\"PropertyValueSpecification\",\"valueRequired\":true,\"valueName\":\"search_term_string\"}}],\"inLanguage\":\"es\"},{\"@type\":\"Organization\",\"@id\":\"https:\\\/\\\/happymallorca.com\\\/de\\\/#organization\",\"name\":\"Ferienunterk\u00fcnfte in Mallorca\",\"url\":\"https:\\\/\\\/happymallorca.com\\\/de\\\/\",\"logo\":{\"@type\":\"ImageObject\",\"inLanguage\":\"es\",\"@id\":\"https:\\\/\\\/happymallorca.com\\\/de\\\/#\\\/schema\\\/logo\\\/image\\\/\",\"url\":\"https:\\\/\\\/happymallorca.com\\\/de\\\/wp-content\\\/uploads\\\/sites\\\/3\\\/logo-happyMallorcaRentals.webp\",\"contentUrl\":\"https:\\\/\\\/happymallorca.com\\\/de\\\/wp-content\\\/uploads\\\/sites\\\/3\\\/logo-happyMallorcaRentals.webp\",\"width\":303,\"height\":100,\"caption\":\"Ferienunterk\u00fcnfte in Mallorca\"},\"image\":{\"@id\":\"https:\\\/\\\/happymallorca.com\\\/de\\\/#\\\/schema\\\/logo\\\/image\\\/\"}}]}<\/script>\n<!-- \/ Yoast SEO plugin. -->","yoast_head_json":{"title":"Blog Happy Mallorca - Ferienunterk\u00fcnfte in Mallorca","description":"Happy Mallorca Blog. Geschichte, Kultur und Erlebnisse. Entdecken Sie mit uns die Reize dieser wunderbaren Baleareninsel,","robots":{"index":"index","follow":"follow","max-snippet":"max-snippet:-1","max-image-preview":"max-image-preview:large","max-video-preview":"max-video-preview:-1"},"canonical":"https:\/\/happymallorca.com\/de\/blog-happy-mallorca\/","og_locale":"es_ES","og_type":"article","og_title":"Blog Happy Mallorca - Ferienunterk\u00fcnfte in Mallorca","og_description":"Happy Mallorca Blog. Geschichte, Kultur und Erlebnisse. Entdecken Sie mit uns die Reize dieser wunderbaren Baleareninsel,","og_url":"https:\/\/happymallorca.com\/de\/blog-happy-mallorca\/","og_site_name":"Ferienunterk\u00fcnfte in Mallorca","article_modified_time":"2024-08-06T12:00:50+00:00","twitter_card":"summary_large_image","twitter_misc":{"Tiempo de lectura":"1 minuto"},"schema":{"@context":"https:\/\/schema.org","@graph":[{"@type":"WebPage","@id":"https:\/\/happymallorca.com\/de\/blog-happy-mallorca\/","url":"https:\/\/happymallorca.com\/de\/blog-happy-mallorca\/","name":"Blog Happy Mallorca - Ferienunterk\u00fcnfte in Mallorca","isPartOf":{"@id":"https:\/\/happymallorca.com\/de\/#website"},"datePublished":"2024-05-29T11:01:07+00:00","dateModified":"2024-08-06T12:00:50+00:00","description":"Happy Mallorca Blog. Geschichte, Kultur und Erlebnisse. Entdecken Sie mit uns die Reize dieser wunderbaren Baleareninsel,","breadcrumb":{"@id":"https:\/\/happymallorca.com\/de\/blog-happy-mallorca\/#breadcrumb"},"inLanguage":"es","potentialAction":[{"@type":"ReadAction","target":["https:\/\/happymallorca.com\/de\/blog-happy-mallorca\/"]}]},{"@type":"BreadcrumbList","@id":"https:\/\/happymallorca.com\/de\/blog-happy-mallorca\/#breadcrumb","itemListElement":[{"@type":"ListItem","position":1,"name":"Portada","item":"https:\/\/happymallorca.com\/de\/"},{"@type":"ListItem","position":2,"name":"Blog Happy Mallorca"}]},{"@type":"WebSite","@id":"https:\/\/happymallorca.com\/de\/#website","url":"https:\/\/happymallorca.com\/de\/","name":"Ferienunterk\u00fcnfte in Mallorca","description":"Happy Mallorca Rentals","publisher":{"@id":"https:\/\/happymallorca.com\/de\/#organization"},"potentialAction":[{"@type":"SearchAction","target":{"@type":"EntryPoint","urlTemplate":"https:\/\/happymallorca.com\/de\/?s={search_term_string}"},"query-input":{"@type":"PropertyValueSpecification","valueRequired":true,"valueName":"search_term_string"}}],"inLanguage":"es"},{"@type":"Organization","@id":"https:\/\/happymallorca.com\/de\/#organization","name":"Ferienunterk\u00fcnfte in Mallorca","url":"https:\/\/happymallorca.com\/de\/","logo":{"@type":"ImageObject","inLanguage":"es","@id":"https:\/\/happymallorca.com\/de\/#\/schema\/logo\/image\/","url":"https:\/\/happymallorca.com\/de\/wp-content\/uploads\/sites\/3\/logo-happyMallorcaRentals.webp","contentUrl":"https:\/\/happymallorca.com\/de\/wp-content\/uploads\/sites\/3\/logo-happyMallorcaRentals.webp","width":303,"height":100,"caption":"Ferienunterk\u00fcnfte in Mallorca"},"image":{"@id":"https:\/\/happymallorca.com\/de\/#\/schema\/logo\/image\/"}}]}},"_links":{"self":[{"href":"https:\/\/happymallorca.com\/de\/wp-json\/wp\/v2\/pages\/1492","targetHints":{"allow":["GET"]}}],"collection":[{"href":"https:\/\/happymallorca.com\/de\/wp-json\/wp\/v2\/pages"}],"about":[{"href":"https:\/\/happymallorca.com\/de\/wp-json\/wp\/v2\/types\/page"}],"author":[{"embeddable":true,"href":"https:\/\/happymallorca.com\/de\/wp-json\/wp\/v2\/users\/1"}],"replies":[{"embeddable":true,"href":"https:\/\/happymallorca.com\/de\/wp-json\/wp\/v2\/comments?post=1492"}],"version-history":[{"count":3,"href":"https:\/\/happymallorca.com\/de\/wp-json\/wp\/v2\/pages\/1492\/revisions"}],"predecessor-version":[{"id":3315,"href":"https:\/\/happymallorca.com\/de\/wp-json\/wp\/v2\/pages\/1492\/revisions\/3315"}],"wp:attachment":[{"href":"https:\/\/happymallorca.com\/de\/wp-json\/wp\/v2\/media?parent=1492"}],"curies":[{"name":"wp","href":"https:\/\/api.w.org\/{rel}","templated":true}]}}